{"id":8,"date":"2015-02-20T20:12:00","date_gmt":"2015-02-20T19:12:00","guid":{"rendered":"http:\/\/theme-fusion.com\/avada_demos\/law\/?page_id=8"},"modified":"2017-05-09T12:19:59","modified_gmt":"2017-05-09T10:19:59","slug":"home","status":"publish","type":"page","link":"http:\/\/kirchworbis.de\/heimatverein\/","title":{"rendered":"Home"},"content":{"rendered":"<p>[vc_row css=&#8220;.vc_custom_1462862653068{margin-top: 32px !important;margin-right: 0% !important;margin-left: 0% !important;background-color: #ffffff !important;}&#8220; el_class=&#8220;veranstaltung-kasten&#8220;][vc_column el_class=&#8220;first-col&#8220;][vc_custom_heading text=&#8220;Willkommen beim Heimatverein Kirchworbis e.V.&#8220; font_container=&#8220;tag:h2|font_size:24px|text_align:center|line_height:30px&#8220; google_fonts=&#8220;font_family:Open%20Sans%3A300%2C300italic%2Cregular%2Citalic%2C600%2C600italic%2C700%2C700italic%2C800%2C800italic|font_style:400%20regular%3A400%3Anormal&#8220; el_class=&#8220;f-weight-100&#8243;][\/vc_column][\/vc_row][vc_row css=&#8220;.vc_custom_1462859349498{margin-top: 30px !important;margin-right: 0px !important;margin-bottom: 30px !important;margin-left: 0px !important;padding-top: 30px !important;padding-right: 5% !important;padding-bottom: 30px !important;padding-left: 5% !important;background-color: #ffffff !important;}&#8220; el_class=&#8220;veranstaltung-kasten&#8220;][vc_column][vc_row_inner css=&#8220;.vc_custom_1442393809132{padding-top: 20px !important;padding-right: 20px !important;padding-bottom: 40px !important;padding-left: 20px !important;background-color: #ffffff !important;}&#8220;][vc_column_inner width=&#8220;1\/3&#8243;][vc_empty_space][vc_single_image image=&#8220;1663&#8243; img_size=&#8220;full&#8220;][vc_single_image image=&#8220;1662&#8243; img_size=&#8220;full&#8220;][\/vc_column_inner][vc_column_inner width=&#8220;2\/3&#8243;][vc_empty_space][vc_custom_heading text=&#8220;Herzlich Willkommen&#8220; font_container=&#8220;tag:h1|font_size:30px|text_align:left|line_height:37px&#8220; google_fonts=&#8220;font_family:Open%20Sans%3A300%2C300italic%2Cregular%2Citalic%2C600%2C600italic%2C700%2C700italic%2C800%2C800italic|font_style:300%20light%20regular%3A300%3Anormal&#8220; el_class=&#8220;h1-ohne-topmargin&#8220;][vc_column_text]<\/p>\n<blockquote><p>&#8222;Meine Heimat ist ein Teil von mir. Sie formt mich, ich forme Sie&#8220;.<\/p><\/blockquote>\n<p>Mit dieser Intension haben sich am 15.01.2008 16 Einwohner unseres Dorfes getroffen, um einen Heimatverein zu gr\u00fcnden.<\/p>\n<p>Der B\u00fcrgermeister unseres Dorfes begleitete dieses Vorhaben wohlmeinend ganz besonders im Hinblick auf das Jubil\u00e4umsjahr im Jahr 2009.<\/p>\n<p>Dem Heimatverein Kirchworbis ist inzwischen die Gemeinn\u00fctzigkeit zu erkannt worden, und die Vereinsregistrierung (Nr.429) ist am 03.11.2008 vollzogen worden.<\/p>\n<p>Im Laufe des Berichtzeitraumes sind in den Verein weitere 18 Mitglieder hinzugekommen, sodass wir zur Zeit 34 Vereinsmitglieder sind.<\/p>\n<p>In den regelm\u00e4\u00dfigen monatlichen Treffen wurden kurzfristige und langfristige Arbeitsschwerpunkte festgelegt. Die Teammitglieder berichten in diesem Treffen von den Erfolgen und Misserfolgen ihrer Arbeit, die im Detail in den gef\u00fchrten Protokollen nach zu lesen sind. So wurden mit dem staatlichen Forst Gespr\u00e4che gef\u00fchrt, um \u00fcber die Vorgehensweise der Forstarbeiten im Wald informiert zu werden.<\/p>\n<p>In der kurzen Zeit der Zusammenarbeit hat jedes Mitglied des Vereins zun\u00e4chst Freude und eine hohe Einsatzbereitschaft gezeigt, um die Ziele des Vereins zu realisieren. Die Ideen zu einer konstruktiven Arbeit in und f\u00fcr unser Dorf gehen nicht aus. Stolz sind wir auf unsere entworfene Frauen und M\u00e4nnertracht. Die Mitarbeit und Mitgestaltung in unserem Jubil\u00e4umsjahr f\u00fcr die Mitglieder eine Herausforderung, die wir gerne annehmen und auch in der Mitarbeit im Festkomitee zum Ausdruck bringen.<\/p>\n<p>Ich m\u00f6chte mich ganz herzlich f\u00fcr das mir und allen \u00fcbrigen Vorstandsmitgliedern entgegen gebrachte Vertrauen bedanken und uns weiter Mutmachen f\u00fcr unser Dorf in der Vergangenheit zu forschen, um in der Gegenwart mit und in der Gemeinschaft selbstbewu\u00dft zu leben und die Zukunft f\u00fcr uns und unsere Nachfahren zu erm\u00f6glichen<\/p>\n<p>&nbsp;<\/p>\n<p>Heidi Barthel<br \/>\nVorstandsvorsitzende[\/vc_column_text][vc_empty_space height=&#8220;100px&#8220;][vc_column_text]<strong>Zu unseren Zielen geh\u00f6ren:<\/strong><\/p>\n<ul>\n<li>F\u00f6rderung der Kultur- und Brauchtumspflege<\/li>\n<li>die Erhaltung der Mundart im Bereich des Dorfes<\/li>\n<li>enge Zusammenarbeit von Politischer Gemeinde und Katholischer Kirchgemeinde<\/li>\n<li>Vorbereitung und Durchf\u00fchrung der 800 Jahrfeier<\/li>\n<li>Zusammenstellung und Herausgabe der Dorfchronik<\/li>\n<li>Organisation von Ausstellungen traditioneller Trachten und Werkzeuge, sowie landwirtschaftlicher Ger\u00e4te<\/li>\n<\/ul>\n<p>[\/vc_column_text][\/vc_column_inner][\/vc_row_inner][\/vc_column][\/vc_row]<\/p>\n","protected":false},"excerpt":{"rendered":"<p>[vc_row css=&#8220;.vc_custom_1462862653068{margin-top: 32px !important;margin-right: 0% !important;margin-left: 0% !important;background-color: #ffffff !important;}&#8220; el_class=&#8220;veranstaltung-kasten&#8220;][vc_column el_class=&#8220;first-col&#8220;][vc_custom_heading text=&#8220;Willkommen beim Heimatverein Kirchworbis e.V.&#8220; font_container=&#8220;tag:h2|font_size:24px|text_align:center|line_height:30px&#8220; google_fonts=&#8220;font_family:Open%20Sans%3A300%2C300italic%2Cregular%2Citalic%2C600%2C600italic%2C700%2C700italic%2C800%2C800italic|font_style:400%20regular%3A400%3Anormal&#8220; el_class=&#8220;f-weight-100&#8243;][\/vc_column][\/vc_row][vc_row css=&#8220;.vc_custom_1462859349498{margin-top: 30px !important;margin-right: 0px !important;margin-bottom: 30px !important;margin-left: 0px !important;padding-top: 30px !important;padding-right: 5% !important;padding-bottom: 30px !important;padding-left: 5% !important;background-color: #ffffff !important;}&#8220; el_class=&#8220;veranstaltung-kasten&#8220;][vc_column][vc_row_inner css=&#8220;.vc_custom_1442393809132{padding-top: 20px !important;padding-right: 20px !important;padding-bottom: 40px !important;padding-left: 20px !important;background-color: #ffffff !important;}&#8220;][vc_column_inner width=&#8220;1\/3&#8243;][vc_empty_space][vc_single_image image=&#8220;1663&#8243; img_size=&#8220;full&#8220;][vc_single_image image=&#8220;1662&#8243; [&hellip;]<\/p>\n","protected":false},"author":1,"featured_media":0,"parent":0,"menu_order":1,"comment_status":"open","ping_status":"closed","template":"","meta":{"inline_featured_image":false,"footnotes":""},"_links":{"self":[{"href":"http:\/\/kirchworbis.de\/heimatverein\/wp-json\/wp\/v2\/pages\/8"}],"collection":[{"href":"http:\/\/kirchworbis.de\/heimatverein\/wp-json\/wp\/v2\/pages"}],"about":[{"href":"http:\/\/kirchworbis.de\/heimatverein\/wp-json\/wp\/v2\/types\/page"}],"author":[{"embeddable":true,"href":"http:\/\/kirchworbis.de\/heimatverein\/wp-json\/wp\/v2\/users\/1"}],"replies":[{"embeddable":true,"href":"http:\/\/kirchworbis.de\/heimatverein\/wp-json\/wp\/v2\/comments?post=8"}],"version-history":[{"count":5,"href":"http:\/\/kirchworbis.de\/heimatverein\/wp-json\/wp\/v2\/pages\/8\/revisions"}],"predecessor-version":[{"id":1721,"href":"http:\/\/kirchworbis.de\/heimatverein\/wp-json\/wp\/v2\/pages\/8\/revisions\/1721"}],"wp:attachment":[{"href":"http:\/\/kirchworbis.de\/heimatverein\/wp-json\/wp\/v2\/media?parent=8"}],"curies":[{"name":"wp","href":"https:\/\/api.w.org\/{rel}","templated":true}]}}